{"id":6037,"date":"2025-05-13T11:43:45","date_gmt":"2025-05-13T09:43:45","guid":{"rendered":"https:\/\/feetonly.online\/product\/pedicura-priya\/"},"modified":"2025-06-13T09:02:16","modified_gmt":"2025-06-13T07:02:16","slug":"pedicura-priya","status":"publish","type":"product","link":"https:\/\/feetonly.online\/es\/producto\/pedicura-priya\/","title":{"rendered":"Pedicura Priya"},"content":{"rendered":"<h2><span style=\"vertical-align: inherit;\"><span style=\"vertical-align: inherit;\">\u00bfQu\u00e9 es Lorem Ipsum?<\/span><\/span><\/h2>\n<p><strong><span style=\"vertical-align: inherit;\"><span style=\"vertical-align: inherit;\">Lorem Ipsum<\/span><\/span><\/strong><span style=\"vertical-align: inherit;\"><span style=\"vertical-align: inherit;\">  es simplemente texto de relleno de la industria de la impresi\u00f3n y la composici\u00f3n tipogr\u00e1fica. Lorem Ipsum ha sido el texto de relleno est\u00e1ndar de la industria desde el siglo XVI, cuando un impresor desconocido tom\u00f3 una galera de tipos y la mezcl\u00f3 para hacer un libro de muestras de tipos. <\/span><\/span><\/p>\n<p><span style=\"vertical-align: inherit;\"><span style=\"vertical-align: inherit;\">Ha sobrevivido no solo a cinco siglos, sino tambi\u00e9n al salto a la composici\u00f3n tipogr\u00e1fica electr\u00f3nica, permaneciendo esencialmente sin cambios. Se populariz\u00f3 en la d\u00e9cada de 1960 con el lanzamiento de las hojas de Letraset que conten\u00edan pasajes de Lorem Ipsum y, m\u00e1s recientemente, con el software de autoedici\u00f3n como Aldus PageMaker, que inclu\u00eda versiones de Lorem Ipsum. <\/span><\/span><\/p>\n","protected":false},"excerpt":{"rendered":"<p><strong><span style=\"vertical-align: inherit;\"><span style=\"vertical-align: inherit;\">Lorem Ipsum<\/span><\/span><\/strong><span style=\"vertical-align: inherit;\"><span style=\"vertical-align: inherit;\">  es simplemente texto de relleno de la industria de la impresi\u00f3n y la composici\u00f3n tipogr\u00e1fica. Lorem Ipsum ha sido el <\/span><\/span><\/p>\n","protected":false},"featured_media":6038,"comment_status":"open","ping_status":"closed","template":"","meta":[],"product_brand":[],"product_cat":[173],"product_tag":[],"class_list":{"0":"post-6037","1":"product","2":"type-product","3":"status-publish","4":"has-post-thumbnail","6":"model_catalogus-pedicura","7":"product_cat-modelo-priya","9":"first","10":"instock","11":"shipping-taxable","12":"purchasable","13":"product-type-variable"},"yoast_head":"<!-- This site is optimized with the Yoast SEO plugin v25.3 - https:\/\/yoast.com\/wordpress\/plugins\/seo\/ -->\n<title>Pedicura Priya - FeetOnly.online<\/title>\n<meta name=\"robots\" content=\"index, follow, max-snippet:-1, max-image-preview:large, max-video-preview:-1\" \/>\n<link rel=\"canonical\" href=\"https:\/\/feetonly.online\/es\/producto\/pedicura-priya\/\" \/>\n<meta property=\"og:locale\" content=\"es_ES\" \/>\n<meta property=\"og:type\" content=\"article\" \/>\n<meta property=\"og:title\" content=\"Pedicura Priya - FeetOnly.online\" \/>\n<meta property=\"og:description\" content=\"Lorem Ipsum es simplemente texto de relleno de la industria de la impresi\u00f3n y la composici\u00f3n tipogr\u00e1fica. Lorem Ipsum ha sido el\" \/>\n<meta property=\"og:url\" content=\"https:\/\/feetonly.online\/es\/producto\/pedicura-priya\/\" \/>\n<meta property=\"og:site_name\" content=\"FeetOnly.online\" \/>\n<meta property=\"article:modified_time\" content=\"2025-06-13T07:02:16+00:00\" \/>\n<meta property=\"og:image\" content=\"https:\/\/feetonly.online\/wp-content\/uploads\/2025\/05\/priya-pedicure-1.jpg\" \/>\n\t<meta property=\"og:image:width\" content=\"739\" \/>\n\t<meta property=\"og:image:height\" content=\"1600\" \/>\n\t<meta property=\"og:image:type\" content=\"image\/jpeg\" \/>\n<meta name=\"twitter:card\" content=\"summary_large_image\" \/>\n<meta name=\"twitter:label1\" content=\"Tiempo de lectura\" \/>\n\t<meta name=\"twitter:data1\" content=\"1 minuto\" \/>\n<script type=\"application\/ld+json\" class=\"yoast-schema-graph\">{\"@context\":\"https:\/\/schema.org\",\"@graph\":[{\"@type\":\"WebPage\",\"@id\":\"https:\/\/feetonly.online\/es\/producto\/pedicura-priya\/\",\"url\":\"https:\/\/feetonly.online\/es\/producto\/pedicura-priya\/\",\"name\":\"Pedicura Priya - FeetOnly.online\",\"isPartOf\":{\"@id\":\"https:\/\/feetonly.online\/es\/#website\"},\"primaryImageOfPage\":{\"@id\":\"https:\/\/feetonly.online\/es\/producto\/pedicura-priya\/#primaryimage\"},\"image\":{\"@id\":\"https:\/\/feetonly.online\/es\/producto\/pedicura-priya\/#primaryimage\"},\"thumbnailUrl\":\"https:\/\/feetonly.online\/wp-content\/uploads\/2025\/05\/priya-pedicure-1.jpg\",\"datePublished\":\"2025-05-13T09:43:45+00:00\",\"dateModified\":\"2025-06-13T07:02:16+00:00\",\"breadcrumb\":{\"@id\":\"https:\/\/feetonly.online\/es\/producto\/pedicura-priya\/#breadcrumb\"},\"inLanguage\":\"es\",\"potentialAction\":[{\"@type\":\"ReadAction\",\"target\":[\"https:\/\/feetonly.online\/es\/producto\/pedicura-priya\/\"]}]},{\"@type\":\"ImageObject\",\"inLanguage\":\"es\",\"@id\":\"https:\/\/feetonly.online\/es\/producto\/pedicura-priya\/#primaryimage\",\"url\":\"https:\/\/feetonly.online\/wp-content\/uploads\/2025\/05\/priya-pedicure-1.jpg\",\"contentUrl\":\"https:\/\/feetonly.online\/wp-content\/uploads\/2025\/05\/priya-pedicure-1.jpg\",\"width\":739,\"height\":1600},{\"@type\":\"BreadcrumbList\",\"@id\":\"https:\/\/feetonly.online\/es\/producto\/pedicura-priya\/#breadcrumb\",\"itemListElement\":[{\"@type\":\"ListItem\",\"position\":1,\"name\":\"Home\",\"item\":\"https:\/\/feetonly.online\/es\/\"},{\"@type\":\"ListItem\",\"position\":2,\"name\":\"Tienda\",\"item\":\"https:\/\/feetonly.online\/tienda\/\"},{\"@type\":\"ListItem\",\"position\":3,\"name\":\"Pedicura Priya\"}]},{\"@type\":\"WebSite\",\"@id\":\"https:\/\/feetonly.online\/es\/#website\",\"url\":\"https:\/\/feetonly.online\/es\/\",\"name\":\"FeetOnly.online\",\"description\":\"\",\"potentialAction\":[{\"@type\":\"SearchAction\",\"target\":{\"@type\":\"EntryPoint\",\"urlTemplate\":\"https:\/\/feetonly.online\/es\/?s={search_term_string}\"},\"query-input\":{\"@type\":\"PropertyValueSpecification\",\"valueRequired\":true,\"valueName\":\"search_term_string\"}}],\"inLanguage\":\"es\"}]}<\/script>\n<!-- \/ Yoast SEO plugin. -->","yoast_head_json":{"title":"Pedicura Priya - FeetOnly.online","robots":{"index":"index","follow":"follow","max-snippet":"max-snippet:-1","max-image-preview":"max-image-preview:large","max-video-preview":"max-video-preview:-1"},"canonical":"https:\/\/feetonly.online\/es\/producto\/pedicura-priya\/","og_locale":"es_ES","og_type":"article","og_title":"Pedicura Priya - FeetOnly.online","og_description":"Lorem Ipsum es simplemente texto de relleno de la industria de la impresi\u00f3n y la composici\u00f3n tipogr\u00e1fica. Lorem Ipsum ha sido el","og_url":"https:\/\/feetonly.online\/es\/producto\/pedicura-priya\/","og_site_name":"FeetOnly.online","article_modified_time":"2025-06-13T07:02:16+00:00","og_image":[{"width":739,"height":1600,"url":"https:\/\/feetonly.online\/wp-content\/uploads\/2025\/05\/priya-pedicure-1.jpg","type":"image\/jpeg"}],"twitter_card":"summary_large_image","twitter_misc":{"Tiempo de lectura":"1 minuto"},"schema":{"@context":"https:\/\/schema.org","@graph":[{"@type":"WebPage","@id":"https:\/\/feetonly.online\/es\/producto\/pedicura-priya\/","url":"https:\/\/feetonly.online\/es\/producto\/pedicura-priya\/","name":"Pedicura Priya - FeetOnly.online","isPartOf":{"@id":"https:\/\/feetonly.online\/es\/#website"},"primaryImageOfPage":{"@id":"https:\/\/feetonly.online\/es\/producto\/pedicura-priya\/#primaryimage"},"image":{"@id":"https:\/\/feetonly.online\/es\/producto\/pedicura-priya\/#primaryimage"},"thumbnailUrl":"https:\/\/feetonly.online\/wp-content\/uploads\/2025\/05\/priya-pedicure-1.jpg","datePublished":"2025-05-13T09:43:45+00:00","dateModified":"2025-06-13T07:02:16+00:00","breadcrumb":{"@id":"https:\/\/feetonly.online\/es\/producto\/pedicura-priya\/#breadcrumb"},"inLanguage":"es","potentialAction":[{"@type":"ReadAction","target":["https:\/\/feetonly.online\/es\/producto\/pedicura-priya\/"]}]},{"@type":"ImageObject","inLanguage":"es","@id":"https:\/\/feetonly.online\/es\/producto\/pedicura-priya\/#primaryimage","url":"https:\/\/feetonly.online\/wp-content\/uploads\/2025\/05\/priya-pedicure-1.jpg","contentUrl":"https:\/\/feetonly.online\/wp-content\/uploads\/2025\/05\/priya-pedicure-1.jpg","width":739,"height":1600},{"@type":"BreadcrumbList","@id":"https:\/\/feetonly.online\/es\/producto\/pedicura-priya\/#breadcrumb","itemListElement":[{"@type":"ListItem","position":1,"name":"Home","item":"https:\/\/feetonly.online\/es\/"},{"@type":"ListItem","position":2,"name":"Tienda","item":"https:\/\/feetonly.online\/tienda\/"},{"@type":"ListItem","position":3,"name":"Pedicura Priya"}]},{"@type":"WebSite","@id":"https:\/\/feetonly.online\/es\/#website","url":"https:\/\/feetonly.online\/es\/","name":"FeetOnly.online","description":"","potentialAction":[{"@type":"SearchAction","target":{"@type":"EntryPoint","urlTemplate":"https:\/\/feetonly.online\/es\/?s={search_term_string}"},"query-input":{"@type":"PropertyValueSpecification","valueRequired":true,"valueName":"search_term_string"}}],"inLanguage":"es"}]}},"_links":{"self":[{"href":"https:\/\/feetonly.online\/es\/wp-json\/wp\/v2\/product\/6037","targetHints":{"allow":["GET"]}}],"collection":[{"href":"https:\/\/feetonly.online\/es\/wp-json\/wp\/v2\/product"}],"about":[{"href":"https:\/\/feetonly.online\/es\/wp-json\/wp\/v2\/types\/product"}],"replies":[{"embeddable":true,"href":"https:\/\/feetonly.online\/es\/wp-json\/wp\/v2\/comments?post=6037"}],"wp:featuredmedia":[{"embeddable":true,"href":"https:\/\/feetonly.online\/es\/wp-json\/wp\/v2\/media\/6038"}],"wp:attachment":[{"href":"https:\/\/feetonly.online\/es\/wp-json\/wp\/v2\/media?parent=6037"}],"wp:term":[{"taxonomy":"product_brand","embeddable":true,"href":"https:\/\/feetonly.online\/es\/wp-json\/wp\/v2\/product_brand?post=6037"},{"taxonomy":"product_cat","embeddable":true,"href":"https:\/\/feetonly.online\/es\/wp-json\/wp\/v2\/product_cat?post=6037"},{"taxonomy":"product_tag","embeddable":true,"href":"https:\/\/feetonly.online\/es\/wp-json\/wp\/v2\/product_tag?post=6037"}],"curies":[{"name":"wp","href":"https:\/\/api.w.org\/{rel}","templated":true}]}}