{"id":7297,"date":"2025-04-25T15:06:25","date_gmt":"2025-04-25T13:06:25","guid":{"rendered":"https:\/\/feetonly.online\/product\/modelo-calcetines-soraya\/"},"modified":"2025-06-13T09:38:03","modified_gmt":"2025-06-13T07:38:03","slug":"modelo-calcetines-soraya","status":"publish","type":"product","link":"https:\/\/feetonly.online\/es\/producto\/modelo-calcetines-soraya\/","title":{"rendered":"Modelo Calcetines Soraya"},"content":{"rendered":"<h2>\u00bfQu\u00e9 es Lorem Ipsum?<\/h2>\n<p><strong>Lorem Ipsum<\/strong> es simplemente un texto de relleno de la industria de la impresi\u00f3n y la composici\u00f3n tipogr\u00e1fica. Lorem Ipsum ha sido el texto de relleno est\u00e1ndar de la industria desde el siglo XVI, cuando un impresor desconocido tom\u00f3 una galera de tipos y la mezcl\u00f3 para hacer un libro de muestras de tipos. <\/p>\n<p>Ha sobrevivido no solo a cinco siglos, sino tambi\u00e9n al salto a la composici\u00f3n tipogr\u00e1fica electr\u00f3nica, permaneciendo esencialmente sin cambios. Se populariz\u00f3 en la d\u00e9cada de 1960 con el lanzamiento de las hojas de Letraset que conten\u00edan pasajes de Lorem Ipsum y, m\u00e1s recientemente, con el software de autoedici\u00f3n como Aldus PageMaker, que inclu\u00eda versiones de Lorem Ipsum. <\/p>\n","protected":false},"excerpt":{"rendered":"<p><strong>Lorem Ipsum<\/strong> es simplemente un texto de relleno de la industria de la impresi\u00f3n y la composici\u00f3n tipogr\u00e1fica. Lorem Ipsum ha sido el <\/p>\n","protected":false},"featured_media":7298,"comment_status":"open","ping_status":"closed","template":"","meta":[],"product_brand":[],"product_cat":[202],"product_tag":[],"class_list":{"0":"post-7297","1":"product","2":"type-product","3":"status-publish","4":"has-post-thumbnail","6":"model_catalogus-calcetines","7":"product_cat-modelo-soraya","9":"first","10":"instock","11":"shipping-taxable","12":"purchasable","13":"product-type-variable"},"yoast_head":"<!-- This site is optimized with the Yoast SEO plugin v25.3 - https:\/\/yoast.com\/wordpress\/plugins\/seo\/ -->\n<title>Modelo Calcetines Soraya - FeetOnly.online<\/title>\n<meta name=\"robots\" content=\"index, follow, max-snippet:-1, max-image-preview:large, max-video-preview:-1\" \/>\n<link rel=\"canonical\" href=\"https:\/\/feetonly.online\/es\/producto\/modelo-calcetines-soraya\/\" \/>\n<meta property=\"og:locale\" content=\"es_ES\" \/>\n<meta property=\"og:type\" content=\"article\" \/>\n<meta property=\"og:title\" content=\"Modelo Calcetines Soraya - FeetOnly.online\" \/>\n<meta property=\"og:description\" content=\"Lorem Ipsum es simplemente un texto de relleno de la industria de la impresi\u00f3n y la composici\u00f3n tipogr\u00e1fica. Lorem Ipsum ha sido el\" \/>\n<meta property=\"og:url\" content=\"https:\/\/feetonly.online\/es\/producto\/modelo-calcetines-soraya\/\" \/>\n<meta property=\"og:site_name\" content=\"FeetOnly.online\" \/>\n<meta property=\"article:modified_time\" content=\"2025-06-13T07:38:03+00:00\" \/>\n<meta property=\"og:image\" content=\"https:\/\/feetonly.online\/wp-content\/uploads\/2025\/04\/soraya-sokken-1.jpg\" \/>\n\t<meta property=\"og:image:width\" content=\"1536\" \/>\n\t<meta property=\"og:image:height\" content=\"2048\" \/>\n\t<meta property=\"og:image:type\" content=\"image\/jpeg\" \/>\n<meta name=\"twitter:card\" content=\"summary_large_image\" \/>\n<meta name=\"twitter:label1\" content=\"Tiempo de lectura\" \/>\n\t<meta name=\"twitter:data1\" content=\"1 minuto\" \/>\n<script type=\"application\/ld+json\" class=\"yoast-schema-graph\">{\"@context\":\"https:\/\/schema.org\",\"@graph\":[{\"@type\":\"WebPage\",\"@id\":\"https:\/\/feetonly.online\/es\/producto\/modelo-calcetines-soraya\/\",\"url\":\"https:\/\/feetonly.online\/es\/producto\/modelo-calcetines-soraya\/\",\"name\":\"Modelo Calcetines Soraya - FeetOnly.online\",\"isPartOf\":{\"@id\":\"https:\/\/feetonly.online\/es\/#website\"},\"primaryImageOfPage\":{\"@id\":\"https:\/\/feetonly.online\/es\/producto\/modelo-calcetines-soraya\/#primaryimage\"},\"image\":{\"@id\":\"https:\/\/feetonly.online\/es\/producto\/modelo-calcetines-soraya\/#primaryimage\"},\"thumbnailUrl\":\"https:\/\/feetonly.online\/wp-content\/uploads\/2025\/04\/soraya-sokken-1.jpg\",\"datePublished\":\"2025-04-25T13:06:25+00:00\",\"dateModified\":\"2025-06-13T07:38:03+00:00\",\"breadcrumb\":{\"@id\":\"https:\/\/feetonly.online\/es\/producto\/modelo-calcetines-soraya\/#breadcrumb\"},\"inLanguage\":\"es\",\"potentialAction\":[{\"@type\":\"ReadAction\",\"target\":[\"https:\/\/feetonly.online\/es\/producto\/modelo-calcetines-soraya\/\"]}]},{\"@type\":\"ImageObject\",\"inLanguage\":\"es\",\"@id\":\"https:\/\/feetonly.online\/es\/producto\/modelo-calcetines-soraya\/#primaryimage\",\"url\":\"https:\/\/feetonly.online\/wp-content\/uploads\/2025\/04\/soraya-sokken-1.jpg\",\"contentUrl\":\"https:\/\/feetonly.online\/wp-content\/uploads\/2025\/04\/soraya-sokken-1.jpg\",\"width\":1536,\"height\":2048},{\"@type\":\"BreadcrumbList\",\"@id\":\"https:\/\/feetonly.online\/es\/producto\/modelo-calcetines-soraya\/#breadcrumb\",\"itemListElement\":[{\"@type\":\"ListItem\",\"position\":1,\"name\":\"Home\",\"item\":\"https:\/\/feetonly.online\/es\/\"},{\"@type\":\"ListItem\",\"position\":2,\"name\":\"Tienda\",\"item\":\"https:\/\/feetonly.online\/tienda\/\"},{\"@type\":\"ListItem\",\"position\":3,\"name\":\"Modelo Calcetines Soraya\"}]},{\"@type\":\"WebSite\",\"@id\":\"https:\/\/feetonly.online\/es\/#website\",\"url\":\"https:\/\/feetonly.online\/es\/\",\"name\":\"FeetOnly.online\",\"description\":\"\",\"potentialAction\":[{\"@type\":\"SearchAction\",\"target\":{\"@type\":\"EntryPoint\",\"urlTemplate\":\"https:\/\/feetonly.online\/es\/?s={search_term_string}\"},\"query-input\":{\"@type\":\"PropertyValueSpecification\",\"valueRequired\":true,\"valueName\":\"search_term_string\"}}],\"inLanguage\":\"es\"}]}<\/script>\n<!-- \/ Yoast SEO plugin. -->","yoast_head_json":{"title":"Modelo Calcetines Soraya - FeetOnly.online","robots":{"index":"index","follow":"follow","max-snippet":"max-snippet:-1","max-image-preview":"max-image-preview:large","max-video-preview":"max-video-preview:-1"},"canonical":"https:\/\/feetonly.online\/es\/producto\/modelo-calcetines-soraya\/","og_locale":"es_ES","og_type":"article","og_title":"Modelo Calcetines Soraya - FeetOnly.online","og_description":"Lorem Ipsum es simplemente un texto de relleno de la industria de la impresi\u00f3n y la composici\u00f3n tipogr\u00e1fica. Lorem Ipsum ha sido el","og_url":"https:\/\/feetonly.online\/es\/producto\/modelo-calcetines-soraya\/","og_site_name":"FeetOnly.online","article_modified_time":"2025-06-13T07:38:03+00:00","og_image":[{"width":1536,"height":2048,"url":"https:\/\/feetonly.online\/wp-content\/uploads\/2025\/04\/soraya-sokken-1.jpg","type":"image\/jpeg"}],"twitter_card":"summary_large_image","twitter_misc":{"Tiempo de lectura":"1 minuto"},"schema":{"@context":"https:\/\/schema.org","@graph":[{"@type":"WebPage","@id":"https:\/\/feetonly.online\/es\/producto\/modelo-calcetines-soraya\/","url":"https:\/\/feetonly.online\/es\/producto\/modelo-calcetines-soraya\/","name":"Modelo Calcetines Soraya - FeetOnly.online","isPartOf":{"@id":"https:\/\/feetonly.online\/es\/#website"},"primaryImageOfPage":{"@id":"https:\/\/feetonly.online\/es\/producto\/modelo-calcetines-soraya\/#primaryimage"},"image":{"@id":"https:\/\/feetonly.online\/es\/producto\/modelo-calcetines-soraya\/#primaryimage"},"thumbnailUrl":"https:\/\/feetonly.online\/wp-content\/uploads\/2025\/04\/soraya-sokken-1.jpg","datePublished":"2025-04-25T13:06:25+00:00","dateModified":"2025-06-13T07:38:03+00:00","breadcrumb":{"@id":"https:\/\/feetonly.online\/es\/producto\/modelo-calcetines-soraya\/#breadcrumb"},"inLanguage":"es","potentialAction":[{"@type":"ReadAction","target":["https:\/\/feetonly.online\/es\/producto\/modelo-calcetines-soraya\/"]}]},{"@type":"ImageObject","inLanguage":"es","@id":"https:\/\/feetonly.online\/es\/producto\/modelo-calcetines-soraya\/#primaryimage","url":"https:\/\/feetonly.online\/wp-content\/uploads\/2025\/04\/soraya-sokken-1.jpg","contentUrl":"https:\/\/feetonly.online\/wp-content\/uploads\/2025\/04\/soraya-sokken-1.jpg","width":1536,"height":2048},{"@type":"BreadcrumbList","@id":"https:\/\/feetonly.online\/es\/producto\/modelo-calcetines-soraya\/#breadcrumb","itemListElement":[{"@type":"ListItem","position":1,"name":"Home","item":"https:\/\/feetonly.online\/es\/"},{"@type":"ListItem","position":2,"name":"Tienda","item":"https:\/\/feetonly.online\/tienda\/"},{"@type":"ListItem","position":3,"name":"Modelo Calcetines Soraya"}]},{"@type":"WebSite","@id":"https:\/\/feetonly.online\/es\/#website","url":"https:\/\/feetonly.online\/es\/","name":"FeetOnly.online","description":"","potentialAction":[{"@type":"SearchAction","target":{"@type":"EntryPoint","urlTemplate":"https:\/\/feetonly.online\/es\/?s={search_term_string}"},"query-input":{"@type":"PropertyValueSpecification","valueRequired":true,"valueName":"search_term_string"}}],"inLanguage":"es"}]}},"_links":{"self":[{"href":"https:\/\/feetonly.online\/es\/wp-json\/wp\/v2\/product\/7297","targetHints":{"allow":["GET"]}}],"collection":[{"href":"https:\/\/feetonly.online\/es\/wp-json\/wp\/v2\/product"}],"about":[{"href":"https:\/\/feetonly.online\/es\/wp-json\/wp\/v2\/types\/product"}],"replies":[{"embeddable":true,"href":"https:\/\/feetonly.online\/es\/wp-json\/wp\/v2\/comments?post=7297"}],"wp:featuredmedia":[{"embeddable":true,"href":"https:\/\/feetonly.online\/es\/wp-json\/wp\/v2\/media\/7298"}],"wp:attachment":[{"href":"https:\/\/feetonly.online\/es\/wp-json\/wp\/v2\/media?parent=7297"}],"wp:term":[{"taxonomy":"product_brand","embeddable":true,"href":"https:\/\/feetonly.online\/es\/wp-json\/wp\/v2\/product_brand?post=7297"},{"taxonomy":"product_cat","embeddable":true,"href":"https:\/\/feetonly.online\/es\/wp-json\/wp\/v2\/product_cat?post=7297"},{"taxonomy":"product_tag","embeddable":true,"href":"https:\/\/feetonly.online\/es\/wp-json\/wp\/v2\/product_tag?post=7297"}],"curies":[{"name":"wp","href":"https:\/\/api.w.org\/{rel}","templated":true}]}}