{"id":8663,"date":"2025-04-25T15:37:18","date_gmt":"2025-04-25T13:37:18","guid":{"rendered":"https:\/\/feetonly.online\/product\/modele-vanity-heels\/"},"modified":"2025-04-25T15:37:18","modified_gmt":"2025-04-25T13:37:18","slug":"modele-vanity-heels","status":"publish","type":"product","link":"https:\/\/feetonly.online\/fr\/produit\/modele-vanity-heels\/","title":{"rendered":"Mod\u00e8le Vanity Heels"},"content":{"rendered":"<h2>Qu\u2019est-ce que le Lorem Ipsum ?<\/h2>\n<p><strong>Lorem Ipsum<\/strong> est tout simplement un texte factice de l\u2019industrie de l\u2019impression et de la composition. Lorem Ipsum est le texte factice standard de l\u2019industrie depuis les ann\u00e9es 1500, lorsqu\u2019un imprimeur inconnu a pris une gal\u00e8re de caract\u00e8res et l\u2019a brouill\u00e9e pour en faire un livre de sp\u00e9cimens de caract\u00e8res. <\/p>\n<p>Il a surv\u00e9cu non seulement \u00e0 cinq si\u00e8cles, mais aussi au saut dans la composition \u00e9lectronique, restant essentiellement inchang\u00e9. Il a \u00e9t\u00e9 popularis\u00e9 dans les ann\u00e9es 1960 avec la sortie de feuilles Letraset contenant des passages de Lorem Ipsum, et plus r\u00e9cemment avec des logiciels de publication assist\u00e9e par ordinateur comme Aldus PageMaker incluant des versions de Lorem Ipsum. <\/p>\n","protected":false},"excerpt":{"rendered":"<p><strong>Lorem Ipsum<\/strong> est tout simplement un texte factice de l\u2019industrie de l\u2019impression et de la composition. Lorem Ipsum a \u00e9t\u00e9 le <\/p>\n","protected":false},"featured_media":8664,"comment_status":"open","ping_status":"closed","template":"","meta":[],"product_brand":[],"product_cat":[241],"product_tag":[],"class_list":{"0":"post-8663","1":"product","2":"type-product","3":"status-publish","4":"has-post-thumbnail","6":"model_catalogus-couper","7":"product_cat-modele-vanity","9":"first","10":"instock","11":"shipping-taxable","12":"purchasable","13":"product-type-variable"},"yoast_head":"<!-- This site is optimized with the Yoast SEO plugin v25.3 - https:\/\/yoast.com\/wordpress\/plugins\/seo\/ -->\n<title>Mod\u00e8le Vanity Heels - FeetOnly.online<\/title>\n<meta name=\"robots\" content=\"index, follow, max-snippet:-1, max-image-preview:large, max-video-preview:-1\" \/>\n<link rel=\"canonical\" href=\"https:\/\/feetonly.online\/fr\/produit\/modele-vanity-heels\/\" \/>\n<meta property=\"og:locale\" content=\"fr_FR\" \/>\n<meta property=\"og:type\" content=\"article\" \/>\n<meta property=\"og:title\" content=\"Mod\u00e8le Vanity Heels - FeetOnly.online\" \/>\n<meta property=\"og:description\" content=\"Lorem Ipsum est tout simplement un texte factice de l\u2019industrie de l\u2019impression et de la composition. Lorem Ipsum a \u00e9t\u00e9 le\" \/>\n<meta property=\"og:url\" content=\"https:\/\/feetonly.online\/fr\/produit\/modele-vanity-heels\/\" \/>\n<meta property=\"og:site_name\" content=\"FeetOnly.online\" \/>\n<meta name=\"twitter:card\" content=\"summary_large_image\" \/>\n<meta name=\"twitter:label1\" content=\"Dur\u00e9e de lecture estim\u00e9e\" \/>\n\t<meta name=\"twitter:data1\" content=\"1 minute\" \/>\n<script type=\"application\/ld+json\" class=\"yoast-schema-graph\">{\"@context\":\"https:\/\/schema.org\",\"@graph\":[{\"@type\":\"WebPage\",\"@id\":\"https:\/\/feetonly.online\/fr\/produit\/modele-vanity-heels\/\",\"url\":\"https:\/\/feetonly.online\/fr\/produit\/modele-vanity-heels\/\",\"name\":\"Mod\u00e8le Vanity Heels - FeetOnly.online\",\"isPartOf\":{\"@id\":\"https:\/\/feetonly.online\/fr\/#website\"},\"primaryImageOfPage\":{\"@id\":\"https:\/\/feetonly.online\/fr\/produit\/modele-vanity-heels\/#primaryimage\"},\"image\":{\"@id\":\"https:\/\/feetonly.online\/fr\/produit\/modele-vanity-heels\/#primaryimage\"},\"thumbnailUrl\":\"https:\/\/feetonly.online\/wp-content\/uploads\/2025\/04\/vanity-hakken-1.jpg\",\"datePublished\":\"2025-04-25T13:37:18+00:00\",\"breadcrumb\":{\"@id\":\"https:\/\/feetonly.online\/fr\/produit\/modele-vanity-heels\/#breadcrumb\"},\"inLanguage\":\"fr-FR\",\"potentialAction\":[{\"@type\":\"ReadAction\",\"target\":[\"https:\/\/feetonly.online\/fr\/produit\/modele-vanity-heels\/\"]}]},{\"@type\":\"ImageObject\",\"inLanguage\":\"fr-FR\",\"@id\":\"https:\/\/feetonly.online\/fr\/produit\/modele-vanity-heels\/#primaryimage\",\"url\":\"https:\/\/feetonly.online\/wp-content\/uploads\/2025\/04\/vanity-hakken-1.jpg\",\"contentUrl\":\"https:\/\/feetonly.online\/wp-content\/uploads\/2025\/04\/vanity-hakken-1.jpg\",\"width\":1200,\"height\":1600},{\"@type\":\"BreadcrumbList\",\"@id\":\"https:\/\/feetonly.online\/fr\/produit\/modele-vanity-heels\/#breadcrumb\",\"itemListElement\":[{\"@type\":\"ListItem\",\"position\":1,\"name\":\"Home\",\"item\":\"https:\/\/feetonly.online\/fr\/\"},{\"@type\":\"ListItem\",\"position\":2,\"name\":\"Boutique\",\"item\":\"https:\/\/feetonly.online\/boutique\/\"},{\"@type\":\"ListItem\",\"position\":3,\"name\":\"Mod\u00e8le Vanity Heels\"}]},{\"@type\":\"WebSite\",\"@id\":\"https:\/\/feetonly.online\/fr\/#website\",\"url\":\"https:\/\/feetonly.online\/fr\/\",\"name\":\"FeetOnly.online\",\"description\":\"\",\"potentialAction\":[{\"@type\":\"SearchAction\",\"target\":{\"@type\":\"EntryPoint\",\"urlTemplate\":\"https:\/\/feetonly.online\/fr\/?s={search_term_string}\"},\"query-input\":{\"@type\":\"PropertyValueSpecification\",\"valueRequired\":true,\"valueName\":\"search_term_string\"}}],\"inLanguage\":\"fr-FR\"}]}<\/script>\n<!-- \/ Yoast SEO plugin. -->","yoast_head_json":{"title":"Mod\u00e8le Vanity Heels - FeetOnly.online","robots":{"index":"index","follow":"follow","max-snippet":"max-snippet:-1","max-image-preview":"max-image-preview:large","max-video-preview":"max-video-preview:-1"},"canonical":"https:\/\/feetonly.online\/fr\/produit\/modele-vanity-heels\/","og_locale":"fr_FR","og_type":"article","og_title":"Mod\u00e8le Vanity Heels - FeetOnly.online","og_description":"Lorem Ipsum est tout simplement un texte factice de l\u2019industrie de l\u2019impression et de la composition. Lorem Ipsum a \u00e9t\u00e9 le","og_url":"https:\/\/feetonly.online\/fr\/produit\/modele-vanity-heels\/","og_site_name":"FeetOnly.online","twitter_card":"summary_large_image","twitter_misc":{"Dur\u00e9e de lecture estim\u00e9e":"1 minute"},"schema":{"@context":"https:\/\/schema.org","@graph":[{"@type":"WebPage","@id":"https:\/\/feetonly.online\/fr\/produit\/modele-vanity-heels\/","url":"https:\/\/feetonly.online\/fr\/produit\/modele-vanity-heels\/","name":"Mod\u00e8le Vanity Heels - FeetOnly.online","isPartOf":{"@id":"https:\/\/feetonly.online\/fr\/#website"},"primaryImageOfPage":{"@id":"https:\/\/feetonly.online\/fr\/produit\/modele-vanity-heels\/#primaryimage"},"image":{"@id":"https:\/\/feetonly.online\/fr\/produit\/modele-vanity-heels\/#primaryimage"},"thumbnailUrl":"https:\/\/feetonly.online\/wp-content\/uploads\/2025\/04\/vanity-hakken-1.jpg","datePublished":"2025-04-25T13:37:18+00:00","breadcrumb":{"@id":"https:\/\/feetonly.online\/fr\/produit\/modele-vanity-heels\/#breadcrumb"},"inLanguage":"fr-FR","potentialAction":[{"@type":"ReadAction","target":["https:\/\/feetonly.online\/fr\/produit\/modele-vanity-heels\/"]}]},{"@type":"ImageObject","inLanguage":"fr-FR","@id":"https:\/\/feetonly.online\/fr\/produit\/modele-vanity-heels\/#primaryimage","url":"https:\/\/feetonly.online\/wp-content\/uploads\/2025\/04\/vanity-hakken-1.jpg","contentUrl":"https:\/\/feetonly.online\/wp-content\/uploads\/2025\/04\/vanity-hakken-1.jpg","width":1200,"height":1600},{"@type":"BreadcrumbList","@id":"https:\/\/feetonly.online\/fr\/produit\/modele-vanity-heels\/#breadcrumb","itemListElement":[{"@type":"ListItem","position":1,"name":"Home","item":"https:\/\/feetonly.online\/fr\/"},{"@type":"ListItem","position":2,"name":"Boutique","item":"https:\/\/feetonly.online\/boutique\/"},{"@type":"ListItem","position":3,"name":"Mod\u00e8le Vanity Heels"}]},{"@type":"WebSite","@id":"https:\/\/feetonly.online\/fr\/#website","url":"https:\/\/feetonly.online\/fr\/","name":"FeetOnly.online","description":"","potentialAction":[{"@type":"SearchAction","target":{"@type":"EntryPoint","urlTemplate":"https:\/\/feetonly.online\/fr\/?s={search_term_string}"},"query-input":{"@type":"PropertyValueSpecification","valueRequired":true,"valueName":"search_term_string"}}],"inLanguage":"fr-FR"}]}},"_links":{"self":[{"href":"https:\/\/feetonly.online\/fr\/wp-json\/wp\/v2\/product\/8663","targetHints":{"allow":["GET"]}}],"collection":[{"href":"https:\/\/feetonly.online\/fr\/wp-json\/wp\/v2\/product"}],"about":[{"href":"https:\/\/feetonly.online\/fr\/wp-json\/wp\/v2\/types\/product"}],"replies":[{"embeddable":true,"href":"https:\/\/feetonly.online\/fr\/wp-json\/wp\/v2\/comments?post=8663"}],"wp:featuredmedia":[{"embeddable":true,"href":"https:\/\/feetonly.online\/fr\/wp-json\/wp\/v2\/media\/8664"}],"wp:attachment":[{"href":"https:\/\/feetonly.online\/fr\/wp-json\/wp\/v2\/media?parent=8663"}],"wp:term":[{"taxonomy":"product_brand","embeddable":true,"href":"https:\/\/feetonly.online\/fr\/wp-json\/wp\/v2\/product_brand?post=8663"},{"taxonomy":"product_cat","embeddable":true,"href":"https:\/\/feetonly.online\/fr\/wp-json\/wp\/v2\/product_cat?post=8663"},{"taxonomy":"product_tag","embeddable":true,"href":"https:\/\/feetonly.online\/fr\/wp-json\/wp\/v2\/product_tag?post=8663"}],"curies":[{"name":"wp","href":"https:\/\/api.w.org\/{rel}","templated":true}]}}